{"id":82822,"date":"2023-07-25T13:46:00","date_gmt":"2023-07-25T13:46:00","guid":{"rendered":"https:\/\/accesautofinance.com\/blog\/"},"modified":"2024-05-24T14:25:57","modified_gmt":"2024-05-24T14:25:57","slug":"blog","status":"publish","type":"page","link":"https:\/\/accesautofinance.com\/es\/blog\/","title":{"rendered":"Blog"},"content":{"rendered":"<p>[et_pb_section fb_built=\u00bb1&#8243; _builder_version=\u00bb4.21.0&#8243; _module_preset=\u00bbdefault\u00bb da_disable_devices=\u00bboff|off|off\u00bb global_colors_info=\u00bb{}\u00bb da_is_popup=\u00bboff\u00bb da_exit_intent=\u00bboff\u00bb da_has_close=\u00bbon\u00bb da_alt_close=\u00bboff\u00bb da_dark_close=\u00bboff\u00bb da_not_modal=\u00bbon\u00bb da_is_singular=\u00bboff\u00bb da_with_loader=\u00bboff\u00bb da_has_shadow=\u00bbon\u00bb][et_pb_row _builder_version=\u00bb4.21.0&#8243; _module_preset=\u00bbdefault\u00bb global_colors_info=\u00bb{}\u00bb][et_pb_column type=\u00bb4_4&#8243; _builder_version=\u00bb4.21.0&#8243; _module_preset=\u00bbdefault\u00bb global_colors_info=\u00bb{}\u00bb][et_pb_text _builder_version=\u00bb4.21.0&#8243; _module_preset=\u00bbdefault\u00bb header_font=\u00bb|800|||||||\u00bb header_text_color=\u00bb#000000&#8243; global_colors_info=\u00bb{}\u00bb]<\/p>\n<h1>Nuestros blogs<\/h1>\n<p>[\/et_pb_text][et_pb_blog fullwidth=\u00bboff\u00bb posts_number=\u00bb6&#8243; include_categories=\u00bball\u00bb meta_date=\u00bbj M Y\u00bb show_more=\u00bbon\u00bb show_author=\u00bboff\u00bb _builder_version=\u00bb4.21.0&#8243; _module_preset=\u00bbdefault\u00bb header_font=\u00bb|800|||||||\u00bb header_text_color=\u00bb#B2CA39&#8243; body_text_color=\u00bb#000000&#8243; meta_text_color=\u00bb#000000&#8243; read_more_text_color=\u00bb#B2CA39&#8243; global_colors_info=\u00bb{}\u00bb][\/et_pb_blog][\/et_pb_column][\/et_pb_row][\/et_pb_section][et_pb_section fb_built=\u00bb1&#8243; _builder_version=\u00bb4.21.0&#8243; _module_preset=\u00bbdefault\u00bb da_disable_devices=\u00bboff|off|off\u00bb global_colors_info=\u00bb{}\u00bb locked=\u00bboff\u00bb da_is_popup=\u00bboff\u00bb da_exit_intent=\u00bboff\u00bb da_has_close=\u00bbon\u00bb da_alt_close=\u00bboff\u00bb da_dark_close=\u00bboff\u00bb da_not_modal=\u00bbon\u00bb da_is_singular=\u00bboff\u00bb da_with_loader=\u00bboff\u00bb da_has_shadow=\u00bbon\u00bb][et_pb_row column_structure=\u00bb1_2,1_2&#8243; use_custom_gutter=\u00bbon\u00bb gutter_width=\u00bb1&#8243; _builder_version=\u00bb4.21.0&#8243; _module_preset=\u00bbdefault\u00bb global_colors_info=\u00bb{}\u00bb][et_pb_column type=\u00bb1_2&#8243; _builder_version=\u00bb4.21.0&#8243; _module_preset=\u00bbdefault\u00bb global_colors_info=\u00bb{}\u00bb][et_pb_text _builder_version=\u00bb4.21.0&#8243; _module_preset=\u00bbdefault\u00bb text_text_color=\u00bb#000000&#8243; text_font_size=\u00bb17px\u00bb text_orientation=\u00bbright\u00bb text_orientation_tablet=\u00bbright\u00bb text_orientation_phone=\u00bbcenter\u00bb text_orientation_last_edited=\u00bbon|phone\u00bb global_colors_info=\u00bb{}\u00bb]<\/p>\n<p>S\u00edganos en<\/p>\n<p>[\/et_pb_text][\/et_pb_column][et_pb_column type=\u00bb1_2&#8243; _builder_version=\u00bb4.21.0&#8243; _module_preset=\u00bbdefault\u00bb global_colors_info=\u00bb{}\u00bb][et_pb_social_media_follow _builder_version=\u00bb4.21.0&#8243; _module_preset=\u00bbdefault\u00bb custom_padding=\u00bb|||7px|false|false\u00bb custom_padding_tablet=\u00bb|||7px|false|false\u00bb custom_padding_phone=\u00bb|||0px|false|false\u00bb custom_padding_last_edited=\u00bbon|phone\u00bb text_orientation_tablet=\u00bb\u00bb text_orientation_phone=\u00bbcenter\u00bb text_orientation_last_edited=\u00bbon|phone\u00bb global_colors_info=\u00bb{}\u00bb][et_pb_social_media_follow_network social_network=\u00bbfacebook\u00bb url=\u00bbhttps:\/\/www.facebook.com\/accesautofinance\u00bb use_icon_font_size=\u00bbon\u00bb icon_font_size=\u00bb18px\u00bb _builder_version=\u00bb4.21.0&#8243; _module_preset=\u00bbdefault\u00bb background_color=\u00bb#B2CA39&#8243; background_enable_color=\u00bbon\u00bb border_radii=\u00bbon|289px|289px|289px|289px\u00bb global_colors_info=\u00bb{}\u00bb follow_button=\u00bboff\u00bb url_new_window=\u00bbon\u00bb]facebook[\/et_pb_social_media_follow_network][\/et_pb_social_media_follow][\/et_pb_column][\/et_pb_row][\/et_pb_section]<\/p>\n","protected":false},"excerpt":{"rendered":"<p>Nuestros blogsS\u00edganos en<\/p>\n","protected":false},"author":1,"featured_media":82823,"parent":0,"menu_order":0,"comment_status":"closed","ping_status":"closed","template":"","meta":{"_et_pb_use_builder":"on","_et_pb_old_content":"","_et_gb_content_width":"","footnotes":""},"class_list":["post-82822","page","type-page","status-publish","has-post-thumbnail","hentry"],"yoast_head":"<!-- This site is optimized with the Yoast SEO plugin v27.3 - https:\/\/yoast.com\/product\/yoast-seo-wordpress\/ -->\n<title>Blog - Art\u00edculos - Acc\u00e8s Auto Finance<\/title>\n<meta name=\"description\" content=\"Est\u00e9 atento a los art\u00edculos sobre financiaci\u00f3n de coches y las experiencias profesionales de nuestro equipo.\" \/>\n<meta name=\"robots\" content=\"index, follow, max-snippet:-1, max-image-preview:large, max-video-preview:-1\" \/>\n<link rel=\"canonical\" href=\"https:\/\/accesautofinance.com\/es\/blog\/\" \/>\n<meta property=\"og:locale\" content=\"es_ES\" \/>\n<meta property=\"og:type\" content=\"article\" \/>\n<meta property=\"og:title\" content=\"Blog - Art\u00edculos - Acc\u00e8s Auto Finance\" \/>\n<meta property=\"og:description\" content=\"Est\u00e9 atento a los art\u00edculos sobre financiaci\u00f3n de coches y las experiencias profesionales de nuestro equipo.\" \/>\n<meta property=\"og:url\" content=\"https:\/\/accesautofinance.com\/es\/blog\/\" \/>\n<meta property=\"og:site_name\" content=\"Acc\u00e8s Auto Finance\" \/>\n<meta property=\"article:modified_time\" content=\"2024-05-24T14:25:57+00:00\" \/>\n<meta property=\"og:image\" content=\"https:\/\/accesautofinance.com\/wp-content\/uploads\/2023\/07\/comment-choisir-un-vehicule-doccasion-acces-auto-finance.jpg\" \/>\n\t<meta property=\"og:image:width\" content=\"1920\" \/>\n\t<meta property=\"og:image:height\" content=\"1080\" \/>\n\t<meta property=\"og:image:type\" content=\"image\/jpeg\" \/>\n<meta name=\"twitter:card\" content=\"summary_large_image\" \/>\n<meta name=\"twitter:label1\" content=\"Tiempo de lectura\" \/>\n\t<meta name=\"twitter:data1\" content=\"2 minutos\" \/>\n<script type=\"application\/ld+json\" class=\"yoast-schema-graph\">{\"@context\":\"https:\\\/\\\/schema.org\",\"@graph\":[{\"@type\":\"WebPage\",\"@id\":\"https:\\\/\\\/accesautofinance.com\\\/es\\\/blog\\\/\",\"url\":\"https:\\\/\\\/accesautofinance.com\\\/es\\\/blog\\\/\",\"name\":\"Blog - Art\u00edculos - Acc\u00e8s Auto Finance\",\"isPartOf\":{\"@id\":\"https:\\\/\\\/accesautofinance.com\\\/es\\\/#website\"},\"primaryImageOfPage\":{\"@id\":\"https:\\\/\\\/accesautofinance.com\\\/es\\\/blog\\\/#primaryimage\"},\"image\":{\"@id\":\"https:\\\/\\\/accesautofinance.com\\\/es\\\/blog\\\/#primaryimage\"},\"thumbnailUrl\":\"https:\\\/\\\/accesautofinance.com\\\/wp-content\\\/uploads\\\/2023\\\/07\\\/comment-choisir-un-vehicule-doccasion-acces-auto-finance.jpg\",\"datePublished\":\"2023-07-25T13:46:00+00:00\",\"dateModified\":\"2024-05-24T14:25:57+00:00\",\"description\":\"Est\u00e9 atento a los art\u00edculos sobre financiaci\u00f3n de coches y las experiencias profesionales de nuestro equipo.\",\"breadcrumb\":{\"@id\":\"https:\\\/\\\/accesautofinance.com\\\/es\\\/blog\\\/#breadcrumb\"},\"inLanguage\":\"es\",\"potentialAction\":[{\"@type\":\"ReadAction\",\"target\":[\"https:\\\/\\\/accesautofinance.com\\\/es\\\/blog\\\/\"]}]},{\"@type\":\"ImageObject\",\"inLanguage\":\"es\",\"@id\":\"https:\\\/\\\/accesautofinance.com\\\/es\\\/blog\\\/#primaryimage\",\"url\":\"https:\\\/\\\/accesautofinance.com\\\/wp-content\\\/uploads\\\/2023\\\/07\\\/comment-choisir-un-vehicule-doccasion-acces-auto-finance.jpg\",\"contentUrl\":\"https:\\\/\\\/accesautofinance.com\\\/wp-content\\\/uploads\\\/2023\\\/07\\\/comment-choisir-un-vehicule-doccasion-acces-auto-finance.jpg\",\"width\":1920,\"height\":1080,\"caption\":\"comment choisir un v\u00e9hicule d'occasion Acces Auto finance - articles\"},{\"@type\":\"BreadcrumbList\",\"@id\":\"https:\\\/\\\/accesautofinance.com\\\/es\\\/blog\\\/#breadcrumb\",\"itemListElement\":[{\"@type\":\"ListItem\",\"position\":1,\"name\":\"Accueil\",\"item\":\"https:\\\/\\\/accesautofinance.com\\\/es\\\/\"},{\"@type\":\"ListItem\",\"position\":2,\"name\":\"Blog\"}]},{\"@type\":\"WebSite\",\"@id\":\"https:\\\/\\\/accesautofinance.com\\\/es\\\/#website\",\"url\":\"https:\\\/\\\/accesautofinance.com\\\/es\\\/\",\"name\":\"Acc\u00e8s Auto Finance\",\"description\":\"Financement automobile\",\"potentialAction\":[{\"@type\":\"SearchAction\",\"target\":{\"@type\":\"EntryPoint\",\"urlTemplate\":\"https:\\\/\\\/accesautofinance.com\\\/es\\\/?s={search_term_string}\"},\"query-input\":{\"@type\":\"PropertyValueSpecification\",\"valueRequired\":true,\"valueName\":\"search_term_string\"}}],\"inLanguage\":\"es\"}]}<\/script>\n<!-- \/ Yoast SEO plugin. -->","yoast_head_json":{"title":"Blog - Art\u00edculos - Acc\u00e8s Auto Finance","description":"Est\u00e9 atento a los art\u00edculos sobre financiaci\u00f3n de coches y las experiencias profesionales de nuestro equipo.","robots":{"index":"index","follow":"follow","max-snippet":"max-snippet:-1","max-image-preview":"max-image-preview:large","max-video-preview":"max-video-preview:-1"},"canonical":"https:\/\/accesautofinance.com\/es\/blog\/","og_locale":"es_ES","og_type":"article","og_title":"Blog - Art\u00edculos - Acc\u00e8s Auto Finance","og_description":"Est\u00e9 atento a los art\u00edculos sobre financiaci\u00f3n de coches y las experiencias profesionales de nuestro equipo.","og_url":"https:\/\/accesautofinance.com\/es\/blog\/","og_site_name":"Acc\u00e8s Auto Finance","article_modified_time":"2024-05-24T14:25:57+00:00","og_image":[{"width":1920,"height":1080,"url":"https:\/\/accesautofinance.com\/wp-content\/uploads\/2023\/07\/comment-choisir-un-vehicule-doccasion-acces-auto-finance.jpg","type":"image\/jpeg"}],"twitter_card":"summary_large_image","twitter_misc":{"Tiempo de lectura":"2 minutos"},"schema":{"@context":"https:\/\/schema.org","@graph":[{"@type":"WebPage","@id":"https:\/\/accesautofinance.com\/es\/blog\/","url":"https:\/\/accesautofinance.com\/es\/blog\/","name":"Blog - Art\u00edculos - Acc\u00e8s Auto Finance","isPartOf":{"@id":"https:\/\/accesautofinance.com\/es\/#website"},"primaryImageOfPage":{"@id":"https:\/\/accesautofinance.com\/es\/blog\/#primaryimage"},"image":{"@id":"https:\/\/accesautofinance.com\/es\/blog\/#primaryimage"},"thumbnailUrl":"https:\/\/accesautofinance.com\/wp-content\/uploads\/2023\/07\/comment-choisir-un-vehicule-doccasion-acces-auto-finance.jpg","datePublished":"2023-07-25T13:46:00+00:00","dateModified":"2024-05-24T14:25:57+00:00","description":"Est\u00e9 atento a los art\u00edculos sobre financiaci\u00f3n de coches y las experiencias profesionales de nuestro equipo.","breadcrumb":{"@id":"https:\/\/accesautofinance.com\/es\/blog\/#breadcrumb"},"inLanguage":"es","potentialAction":[{"@type":"ReadAction","target":["https:\/\/accesautofinance.com\/es\/blog\/"]}]},{"@type":"ImageObject","inLanguage":"es","@id":"https:\/\/accesautofinance.com\/es\/blog\/#primaryimage","url":"https:\/\/accesautofinance.com\/wp-content\/uploads\/2023\/07\/comment-choisir-un-vehicule-doccasion-acces-auto-finance.jpg","contentUrl":"https:\/\/accesautofinance.com\/wp-content\/uploads\/2023\/07\/comment-choisir-un-vehicule-doccasion-acces-auto-finance.jpg","width":1920,"height":1080,"caption":"comment choisir un v\u00e9hicule d'occasion Acces Auto finance - articles"},{"@type":"BreadcrumbList","@id":"https:\/\/accesautofinance.com\/es\/blog\/#breadcrumb","itemListElement":[{"@type":"ListItem","position":1,"name":"Accueil","item":"https:\/\/accesautofinance.com\/es\/"},{"@type":"ListItem","position":2,"name":"Blog"}]},{"@type":"WebSite","@id":"https:\/\/accesautofinance.com\/es\/#website","url":"https:\/\/accesautofinance.com\/es\/","name":"Acc\u00e8s Auto Finance","description":"Financement automobile","potentialAction":[{"@type":"SearchAction","target":{"@type":"EntryPoint","urlTemplate":"https:\/\/accesautofinance.com\/es\/?s={search_term_string}"},"query-input":{"@type":"PropertyValueSpecification","valueRequired":true,"valueName":"search_term_string"}}],"inLanguage":"es"}]}},"_links":{"self":[{"href":"https:\/\/accesautofinance.com\/es\/wp-json\/wp\/v2\/pages\/82822","targetHints":{"allow":["GET"]}}],"collection":[{"href":"https:\/\/accesautofinance.com\/es\/wp-json\/wp\/v2\/pages"}],"about":[{"href":"https:\/\/accesautofinance.com\/es\/wp-json\/wp\/v2\/types\/page"}],"author":[{"embeddable":true,"href":"https:\/\/accesautofinance.com\/es\/wp-json\/wp\/v2\/users\/1"}],"replies":[{"embeddable":true,"href":"https:\/\/accesautofinance.com\/es\/wp-json\/wp\/v2\/comments?post=82822"}],"version-history":[{"count":2,"href":"https:\/\/accesautofinance.com\/es\/wp-json\/wp\/v2\/pages\/82822\/revisions"}],"predecessor-version":[{"id":82825,"href":"https:\/\/accesautofinance.com\/es\/wp-json\/wp\/v2\/pages\/82822\/revisions\/82825"}],"wp:featuredmedia":[{"embeddable":true,"href":"https:\/\/accesautofinance.com\/es\/wp-json\/wp\/v2\/media\/82823"}],"wp:attachment":[{"href":"https:\/\/accesautofinance.com\/es\/wp-json\/wp\/v2\/media?parent=82822"}],"curies":[{"name":"wp","href":"https:\/\/api.w.org\/{rel}","templated":true}]}}